{"id":34,"date":"2011-11-28T12:12:31","date_gmt":"2011-11-28T12:12:31","guid":{"rendered":"http:\/\/www.mariejaffredo.com\/blog\/?page_id=34"},"modified":"2017-10-16T13:08:04","modified_gmt":"2017-10-16T13:08:04","slug":"biblio","status":"publish","type":"page","link":"http:\/\/www.mariejaffredo.com\/blog\/?page_id=34","title":{"rendered":"Biblio"},"content":{"rendered":"<h1 itemprop=\"name\"><strong>\u00a0<\/strong><\/h1>\n<p>Edouard Manet et Berthe Morisot, une passion impressionniste <em>chez Gl\u00e9nat<\/em><\/p>\n<p>Meurtre au Mont-Saint-Michel chez <em>Gl\u00e9nat<\/em><\/p>\n<p>Les Damn\u00e9s de Paris chez\u00a0<em><a title=\"Marie Jaffredo chez Vents d'Ouest\" href=\"http:\/\/www.ventsdouest.com\/recherche\/?q=Jaffredo+Marie\" target=\"_blank\">Vents d&rsquo;Ouest<\/a><\/em><\/p>\n<p>Le Sang des B\u00e2tisseurs T1 et T2 <em>chez <a title=\"Marie Jaffredo chez Vents d'Ouest\" href=\"http:\/\/www.ventsdouest.com\/recherche\/?q=Jaffredo+Marie\" target=\"_blank\">Vents d&rsquo;Ouest<\/a><\/em><\/p>\n<p>Et si &#8230; <em>chez <a title=\"Marie Jaffredo chez Vents d'Ouest\" href=\"http:\/\/www.ventsdouest.com\/recherche\/?q=Jaffredo+Marie\" target=\"_blank\">Vents d&rsquo;Ouest<\/a><\/em><\/p>\n<p>Les Pop Korn <em>\u00e0<a title=\"Marie Jaffredo chez La Fourmili\u00e8re\" href=\"http:\/\/www.lafourmilierebd.org\/lafourmiliere\/auteurs.php?nom=jaffredo\" target=\"_blank\"> la Fourmili\u00e8re BD<\/a><\/em><\/p>\n<p>Les D\u00e9mons de Marie T1 et T2 <em>chez Carabas<\/em><\/p>\n<p>Contes de Grimm en BD <em>chez <a title=\"Marie Jaffredo chez Petit \u00e0 petit\" href=\"http:\/\/www.petitapetit.fr\/maison-edition\/fiche_livre.php?titre=contes-de-grimm-en-bd&amp;livre=202\" target=\"_blank\">Petit \u00e0 Petit<\/a><\/em> (La Martini\u00e8re)<\/p>\n<p>Contes de Maupassant en Bd <em>chez <a title=\"Marie Jaffredo chez Petit \u00e0 petit\" href=\"http:\/\/www.petitapetit.fr\/maison-edition\/fiche_livre.php?c=maupassant&amp;titre=contes-de-maupassant-en-bd&amp;livre=120\" target=\"_blank\">Petit \u00e0 Petit<\/a><\/em> (La Martini\u00e8re)<\/p>\n<p>Chansons de Louise Attaque en BD <em>chez <a href=\"http:\/\/www.petitapetit.fr\/maison-edition\/fiche_livre.php?titre=chansons-de-louise-attaque-en-bd&amp;livre=193\" target=\"_blank\">Petit \u00e0 Petit<\/a><\/em> (La Martini\u00e8re)<\/p>\n<p>Po\u00e8mes de Verlaine en BD <em>chez <a title=\"Marie Jaffredo chez Petit \u00e0 petit: Verlaine\" href=\"http:\/\/www.petitapetit.fr\/maison-edition\/fiche_livre.php?titre=poemes-de-verlaine-en-bd&amp;livre=149\" target=\"_blank\">Petit \u00e0 Petit<\/a><\/em> (La Martini\u00e8re)<\/p>\n<p>Chansons de Bourvil en BD <em>chez <a title=\"Marie Jaffredo chez Petit \u00e0 petit: Bourvil\" href=\"http:\/\/www.petitapetit.fr\/maison-edition\/fiche_livre.php?titre=chansons-de-bourvil-en-bd&amp;livre=67\" target=\"_blank\">Petit \u00e0 Petit<\/a><\/em> (La Martini\u00e8re)<\/p>\n<p>Chansons d&rsquo;Edith Piaf en BD <em>chez <a title=\"Marie Jaffredo chez Petit \u00e0 petit: Piaf\" href=\"http:\/\/www.petitapetit.fr\/maison-edition\/fiche_livre.php?titre=chansons-d-edith-piaf-en-bd&amp;livre=55\" target=\"_blank\">Petit \u00e0 Petit<\/a><\/em> (La Martini\u00e8re)<\/p>\n<p>+ Une Promenade Magique dans Paris de Philippe Cavalier aux <em><a title=\"Illustrations de Marie Jaffredo chez Anne Carri\u00e8re\" href=\"http:\/\/www.anne-carriere.fr\/fiche_auteur.php?fiche=5\" target=\"_blank\">\u00e9ditions Anne Carri\u00e8re <\/a><\/em><\/p>\n<p>+ <a title=\"Illustrations de Marie Jaffredo chez Fayard\" href=\"http:\/\/www.fayard.fr\/Site\/CtlPrincipal?controlerCode=CtlCatalogue&amp;requestCode=afficherDetailArticle&amp;code=365546&amp;retour=listeArticles\" target=\"_blank\">Des Fourchettes dans les Etoiles<\/a> de B. de L&rsquo;Aulnoit et Ph. Alexandre <em>chez Fayard<\/em><\/p>\n<p>&nbsp;<\/p>\n","protected":false},"excerpt":{"rendered":"<p>\u00a0 Edouard Manet et Berthe Morisot, une passion impressionniste chez Gl\u00e9nat Meurtre au Mont-Saint-Michel chez Gl\u00e9nat Les Damn\u00e9s de Paris chez\u00a0Vents d&rsquo;Ouest Le Sang des B\u00e2tisseurs T1 et T2 chez Vents d&rsquo;Ouest Et si &#8230; chez Vents d&rsquo;Ouest Les Pop &hellip; <a href=\"http:\/\/www.mariejaffredo.com\/blog\/?page_id=34\">Continuer la lecture <span class=\"meta-nav\">&rarr;<\/span><\/a><\/p>\n","protected":false},"author":2,"featured_media":0,"parent":0,"menu_order":0,"comment_status":"closed","ping_status":"open","template":"","meta":{"footnotes":""},"class_list":["post-34","page","type-page","status-publish","hentry"],"_links":{"self":[{"href":"http:\/\/www.mariejaffredo.com\/blog\/index.php?rest_route=\/wp\/v2\/pages\/34","targetHints":{"allow":["GET"]}}],"collection":[{"href":"http:\/\/www.mariejaffredo.com\/blog\/index.php?rest_route=\/wp\/v2\/pages"}],"about":[{"href":"http:\/\/www.mariejaffredo.com\/blog\/index.php?rest_route=\/wp\/v2\/types\/page"}],"author":[{"embeddable":true,"href":"http:\/\/www.mariejaffredo.com\/blog\/index.php?rest_route=\/wp\/v2\/users\/2"}],"replies":[{"embeddable":true,"href":"http:\/\/www.mariejaffredo.com\/blog\/index.php?rest_route=%2Fwp%2Fv2%2Fcomments&post=34"}],"version-history":[{"count":11,"href":"http:\/\/www.mariejaffredo.com\/blog\/index.php?rest_route=\/wp\/v2\/pages\/34\/revisions"}],"predecessor-version":[{"id":433,"href":"http:\/\/www.mariejaffredo.com\/blog\/index.php?rest_route=\/wp\/v2\/pages\/34\/revisions\/433"}],"wp:attachment":[{"href":"http:\/\/www.mariejaffredo.com\/blog\/index.php?rest_route=%2Fwp%2Fv2%2Fmedia&parent=34"}],"curies":[{"name":"wp","href":"https:\/\/api.w.org\/{rel}","templated":true}]}}