{"id":13,"date":"2011-11-27T16:32:31","date_gmt":"2011-11-27T16:32:31","guid":{"rendered":"http:\/\/www.mariejaffredo.com\/blog\/?page_id=13"},"modified":"2017-10-16T13:00:27","modified_gmt":"2017-10-16T13:00:27","slug":"rencontres-et-dedicaces","status":"publish","type":"page","link":"http:\/\/www.mariejaffredo.com\/blog\/?page_id=13","title":{"rendered":"Rencontres et d\u00e9dicaces"},"content":{"rendered":"<p>Vous trouverez ici la liste compl\u00e8te des rencontres et d\u00e9dicaces \u00e0 venir.<\/p>\n<p>&nbsp;<\/p>\n<ul>\n<li>21 octobre \u00e0 la <strong>Fnac<\/strong> de Mont\u00e9limar<\/li>\n<li>27\/28 et 29 octobre \u00e0 <strong>Quai des Bulles<\/strong><\/li>\n<li>18\/19 novembre\u00a0<strong>La Bulle d&rsquo;Or<\/strong>\u00a0\u00e0 Brignais<\/li>\n<li>25\/26 novembre <strong>BD dans l&rsquo;Ain <\/strong>\u00e0 Bellegarde<\/li>\n<\/ul>\n<p>&nbsp;<\/p>\n","protected":false},"excerpt":{"rendered":"<p>Vous trouverez ici la liste compl\u00e8te des rencontres et d\u00e9dicaces \u00e0 venir. &nbsp; 21 octobre \u00e0 la Fnac de Mont\u00e9limar 27\/28 et 29 octobre \u00e0 Quai des Bulles 18\/19 novembre\u00a0La Bulle d&rsquo;Or\u00a0\u00e0 Brignais 25\/26 novembre BD dans l&rsquo;Ain \u00e0 Bellegarde &hellip; <a href=\"http:\/\/www.mariejaffredo.com\/blog\/?page_id=13\">Continuer la lecture <span class=\"meta-nav\">&rarr;<\/span><\/a><\/p>\n","protected":false},"author":1,"featured_media":0,"parent":0,"menu_order":0,"comment_status":"closed","ping_status":"open","template":"","meta":{"footnotes":""},"class_list":["post-13","page","type-page","status-publish","hentry"],"_links":{"self":[{"href":"http:\/\/www.mariejaffredo.com\/blog\/index.php?rest_route=\/wp\/v2\/pages\/13","targetHints":{"allow":["GET"]}}],"collection":[{"href":"http:\/\/www.mariejaffredo.com\/blog\/index.php?rest_route=\/wp\/v2\/pages"}],"about":[{"href":"http:\/\/www.mariejaffredo.com\/blog\/index.php?rest_route=\/wp\/v2\/types\/page"}],"author":[{"embeddable":true,"href":"http:\/\/www.mariejaffredo.com\/blog\/index.php?rest_route=\/wp\/v2\/users\/1"}],"replies":[{"embeddable":true,"href":"http:\/\/www.mariejaffredo.com\/blog\/index.php?rest_route=%2Fwp%2Fv2%2Fcomments&post=13"}],"version-history":[{"count":23,"href":"http:\/\/www.mariejaffredo.com\/blog\/index.php?rest_route=\/wp\/v2\/pages\/13\/revisions"}],"predecessor-version":[{"id":432,"href":"http:\/\/www.mariejaffredo.com\/blog\/index.php?rest_route=\/wp\/v2\/pages\/13\/revisions\/432"}],"wp:attachment":[{"href":"http:\/\/www.mariejaffredo.com\/blog\/index.php?rest_route=%2Fwp%2Fv2%2Fmedia&parent=13"}],"curies":[{"name":"wp","href":"https:\/\/api.w.org\/{rel}","templated":true}]}}